{"id":3607,"date":"2019-05-09T23:12:40","date_gmt":"2019-05-10T03:12:40","guid":{"rendered":"http:\/\/mmd-qc.ca\/about-mmd\/"},"modified":"2023-07-20T08:38:08","modified_gmt":"2023-07-20T12:38:08","slug":"a-propos","status":"publish","type":"page","link":"https:\/\/mmd-qc.ca\/fr\/a-propos\/","title":{"rendered":"\u00c0 propos"},"content":{"rendered":"<p>[vc_row full_width=&#8221;stretch_row_content_no_spaces&#8221; content_placement=&#8221;middle&#8221; overlay_background=&#8221;custom&#8221; overlay_custom_background=&#8221;#ffffff&#8221; overlay_opacity=&#8221;60&#8243; background_image=&#8221;1544&#8243; background_position=&#8221;center bottom&#8221;][vc_column width=&#8221;1\/3&#8243; offset=&#8221;vc_hidden-md vc_hidden-sm vc_hidden-xs&#8221; background_image=&#8221;4129&#8243;][\/vc_column][vc_column offset=&#8221;vc_col-lg-8&#8243; lg_spacing=&#8221;padding_right:80;padding_left:160&#8243; md_spacing=&#8221;padding_left:0&#8243;][vc_row_inner md_content_alignment=&#8221;center&#8221; lg_spacing=&#8221;padding_top:50;padding_bottom:100&#8243; max_width=&#8221;670px&#8221;][vc_column_inner][tm_heading custom_google_font=&#8221;&#8221; animation=&#8221;none&#8221; text=&#8221;Une entreprise \u00e0 <mark>Votre service<\/mark>&#8221; font_size=&#8221;sm:28;md:36;lg:40&#8243;][\/vc_column_inner][vc_column_inner][tm_spacer size=&#8221;lg:30&#8243;][tm_heading custom_google_font=&#8221;&#8221; text_color=&#8221;primary&#8221; animation=&#8221;none&#8221; text=&#8221;Pourquoi nous ?&#8221; font_size=&#8221;lg:20&#8243;][tm_spacer size=&#8221;lg:20&#8243;][tm_heading tag=&#8221;p&#8221; custom_google_font=&#8221;&#8221; animation=&#8221;none&#8221; text=&#8221;En plus de notre connaissance approfondie des processus de fabrication et des besoins de nos clients, nous prenons le temps de comprendre les particularit\u00e9s de votre entreprise afin de vous apporter le meilleur retour sur investissement possible.&#8221;][tm_heading custom_google_font=&#8221;&#8221; text_color=&#8221;primary&#8221; animation=&#8221;none&#8221; text=&#8221;Notre mission et nos valeurs&#8221; font_size=&#8221;lg:20&#8243;][tm_spacer size=&#8221;lg:20&#8243;][tm_heading tag=&#8221;p&#8221; custom_google_font=&#8221;&#8221; animation=&#8221;none&#8221; text=&#8221;Notre mission est de construire des relations durables bas\u00e9es sur la confiance avec nos clients. Chez MMD, nous respectons les personnes, nous valorisons la diversit\u00e9 et nous nous engageons \u00e0 respecter l&#8217;\u00e9galit\u00e9. Nous valorisons une culture de travail d&#8217;\u00e9quipe et de collaboration et visons toujours l&#8217;excellence dans nos services.&#8221;][tm_button animation=&#8221;none&#8221; color=&#8221;custom&#8221; button_bg_color=&#8221;primary&#8221; font_color=&#8221;custom&#8221; button_border_color=&#8221;primary&#8221; button_icon_color=&#8221;&#8221; button_bg_color_hover=&#8221;secondary&#8221; font_color_hover=&#8221;custom&#8221; button_border_color_hover=&#8221;secondary&#8221; button_icon_color_hover=&#8221;&#8221; button=&#8221;url:http%3A%2F%2Fmmd-qc.ca%2Ffr%2Fcontact-2%2F|title:Nous%20joindre||&#8221; custom_font_color=&#8221;#ffffff&#8221; custom_font_color_hover=&#8221;#ffffff&#8221;][\/vc_column_inner][\/vc_row_inner][\/vc_column][\/vc_row][vc_row full_width=&#8221;stretch_row&#8221; background_color=&#8221;custom&#8221; lg_spacing=&#8221;padding_top:80;padding_bottom:25&#8243;][vc_column width=&#8221;1\/3&#8243;][tm_box_icon icon_type=&#8221;flat&#8221; icon_flat=&#8221;flaticon-001-worker-1&#8243; animation=&#8221;none&#8221; heading=&#8221;La qualit\u00e9 avant tout&#8221; text_width=&#8221;350px&#8221; button=&#8221;|||&#8221;][\/vc_column][vc_column width=&#8221;1\/3&#8243;][tm_box_icon icon_type=&#8221;flat&#8221; icon_flat=&#8221;flaticon-020-planning&#8221; animation=&#8221;none&#8221; heading=&#8221;Solutions adapt\u00e9es&#8221; text_width=&#8221;350px&#8221; button=&#8221;|||&#8221;][\/vc_column][vc_column width=&#8221;1\/3&#8243;][tm_box_icon icon_type=&#8221;flat&#8221; icon_flat=&#8221;flaticon-029-manufacturing&#8221; animation=&#8221;none&#8221; heading=&#8221;Service personnalis\u00e9&#8221; text_width=&#8221;350px&#8221; button=&#8221;|||&#8221;][\/vc_column][\/vc_row][vc_row lg_spacing=&#8221;padding_top:20;padding_bottom:5&#8243;][vc_column width=&#8221;5\/12&#8243;][tm_heading custom_google_font=&#8221;&#8221; animation=&#8221;none&#8221; text=&#8221;<mark>\u00c9liminer <\/mark> la comp\u00e9tition&#8221; font_size=&#8221;lg:40&#8243; line_height=&#8221;54px&#8221; max_width=&#8221;400px&#8221;][tm_spacer size=&#8221;lg:50&#8243;][\/vc_column][vc_column width=&#8221;7\/12&#8243;][tm_heading style=&#8221;modern-with-separator-02&#8243; custom_google_font=&#8221;&#8221; animation=&#8221;none&#8221; text=&#8221;Chez MMD, nous croyons en une innovation perp\u00e9tuelle.&#8221; font_size=&#8221;lg:20&#8243;][tm_spacer size=&#8221;lg:20&#8243;][tm_heading tag=&#8221;div&#8221; custom_google_font=&#8221;&#8221; animation=&#8221;none&#8221;][tm_spacer size=&#8221;lg:30&#8243;][\/vc_column][\/vc_row][vc_row full_width=&#8221;stretch_row_content_no_spaces&#8221; content_placement=&#8221;middle&#8221; background_color=&#8221;secondary&#8221;][vc_column background_image=&#8221;3262&#8243; lg_spacing=&#8221;padding_top:110;padding_bottom:110&#8243; background_position=&#8221;center&#8221; offset=&#8221;vc_col-lg-6 vc_col-xs-12&#8243; md_spacing=&#8221;padding_top:200;padding_bottom:200&#8243;][\/vc_column][vc_column lg_spacing=&#8221;padding_top:100;padding_right:60;padding_bottom:50;padding_left:60&#8243; md_spacing=&#8221;padding_right:30;padding_left:30&#8243; offset=&#8221;vc_col-lg-6 vc_col-xs-12&#8243;][vc_row_inner][vc_column_inner width=&#8221;1\/2&#8243; lg_spacing=&#8221;margin_bottom:60;padding_top:0&#8243;][tm_image image=&#8221;3253&#8243; lg_spacing=&#8221;margin_bottom:40&#8243;][tm_counter align=&#8221;left&#8221; text_color=&#8221;custom&#8221; icon_type=&#8221;flat&#8221; icon_flat=&#8221;&#8221; text=&#8221;Clients satisfaits&#8221; sub_text=&#8221;MMD est fier d\u2019avoir servi plus de 300 clients.&#8221; custom_text_color=&#8221;#ffffff&#8221; number=&#8221;300&#8243;][\/vc_column_inner][vc_column_inner width=&#8221;1\/2&#8243; lg_spacing=&#8221;margin_bottom:60;padding_top:0&#8243;][tm_image image=&#8221;3255&#8243; lg_spacing=&#8221;margin_bottom:40&#8243;][tm_counter align=&#8221;left&#8221; text_color=&#8221;custom&#8221; number=&#8221;50&#8243; text=&#8221;Ann\u00e9es d&#8217;exp\u00e9rience&#8221; sub_text=&#8221;Nous avons plus de 50 ans d\u2019ann\u00e9es d\u2019exp\u00e9rience combin\u00e9es.&#8221; custom_text_color=&#8221;#ffffff&#8221;][\/vc_column_inner][\/vc_row_inner][\/vc_column][\/vc_row][vc_row full_width=&#8221;stretch_row_content_no_spaces&#8221; content_placement=&#8221;middle&#8221;][vc_column width=&#8221;1\/2&#8243; background_color=&#8221;primary&#8221; background_size=&#8221;auto&#8221; lg_spacing=&#8221;padding_top:35;padding_bottom:35&#8243; background_image=&#8221;1310&#8243; background_position=&#8221;110px center&#8221;][tm_heading tag=&#8221;div&#8221; custom_google_font=&#8221;&#8221; font_weight=&#8221;700&#8243; align=&#8221;center&#8221; text_color=&#8221;custom&#8221; custom_text_color=&#8221;#ffffff&#8221; text=&#8221;Courriel: info@mmd-qc.ca&#8221; font_size=&#8221;lg:22&#8243;][\/vc_column][vc_column width=&#8221;1\/2&#8243; background_color=&#8221;custom&#8221; background_size=&#8221;auto&#8221; background_image=&#8221;1311&#8243; background_position=&#8221;110px center&#8221; lg_spacing=&#8221;padding_top:35;padding_bottom:35&#8243; custom_background_color=&#8221;#013d7d&#8221;][tm_heading tag=&#8221;div&#8221; custom_google_font=&#8221;&#8221; font_weight=&#8221;700&#8243; align=&#8221;center&#8221; text_color=&#8221;custom&#8221; custom_text_color=&#8221;#ffffff&#8221; text=&#8221;T\u00e9l\u00e9phone: (514) 336-9998&#8243; font_size=&#8221;lg:22&#8243;][\/vc_column][\/vc_row]<\/p>\n","protected":false},"excerpt":{"rendered":"<p>[vc_row full_width=&#8221;stretch_row_content_no_spaces&#8221; content_placement=&#8221;middle&#8221; overlay_background=&#8221;custom&#8221; overlay_custom_background=&#8221;#ffffff&#8221; overlay_opacity=&#8221;60&#8243; background_image=&#8221;1544&#8243; background_position=&#8221;center bottom&#8221;][vc_column width=&#8221;1\/3&#8243; offset=&#8221;vc_hidden-md vc_hidden-sm vc_hidden-xs&#8221; background_image=&#8221;4129&#8243;][\/vc_column][vc_column offset=&#8221;vc_col-lg-8&#8243; lg_spacing=&#8221;padding_right:80;padding_left:160&#8243; md_spacing=&#8221;padding_left:0&#8243;][vc_row_inner md_content_alignment=&#8221;center&#8221; lg_spacing=&#8221;padding_top:50;padding_bottom:100&#8243; max_width=&#8221;670px&#8221;][vc_column_inner][tm_heading custom_google_font=&#8221;&#8221; animation=&#8221;none&#8221; text=&#8221;Une entreprise \u00e0 Votre service&#8221; font_size=&#8221;sm:28;md:36;lg:40&#8243;][\/vc_column_inner][vc_column_inner][tm_spacer size=&#8221;lg:30&#8243;][tm_heading custom_google_font=&#8221;&#8221; text_color=&#8221;primary&#8221; animation=&#8221;none&#8221; text=&#8221;Pourquoi nous ?&#8221; font_size=&#8221;lg:20&#8243;][tm_spacer size=&#8221;lg:20&#8243;][tm_heading tag=&#8221;p&#8221; custom_google_font=&#8221;&#8221; animation=&#8221;none&#8221; text=&#8221;En plus de notre connaissance approfondie des processus de fabrication et des besoins de nos clients, nous prenons le temps de comprendre les particularit\u00e9s de votre entreprise afin de vous apporter le meilleur retour sur investissement possible.&#8221;][tm_heading custom_google_font=&#8221;&#8221; text_color=&#8221;primary&#8221; animation=&#8221;none&#8221; text=&#8221;Notre mission et nos valeurs&#8221; font_size=&#8221;lg:20&#8243;][tm_spacer size=&#8221;lg:20&#8243;][tm_heading tag=&#8221;p&#8221; custom_google_font=&#8221;&#8221; animation=&#8221;none&#8221; text=&#8221;Notre mission est de construire des relations durables bas\u00e9es sur la confiance avec nos clients. Chez MMD, nous respectons les personnes, nous valorisons la diversit\u00e9 et nous nous engageons \u00e0 respecter l&#8217;\u00e9galit\u00e9. Nous valorisons une culture de travail d&#8217;\u00e9quipe et de collaboration et visons toujours l&#8217;excellence dans nos services.&#8221;][tm_button animation=&#8221;none&#8221; color=&#8221;custom&#8221; button_bg_color=&#8221;primary&#8221; font_color=&#8221;custom&#8221; button_border_color=&#8221;primary&#8221; button_icon_color=&#8221;&#8221; button_bg_color_hover=&#8221;secondary&#8221; font_color_hover=&#8221;custom&#8221; button_border_color_hover=&#8221;secondary&#8221; button_icon_color_hover=&#8221;&#8221; button=&#8221;url:http%3A%2F%2Fmmd-qc.ca%2Ffr%2Fcontact-2%2F|title:Nous%20joindre||&#8221; custom_font_color=&#8221;#ffffff&#8221; custom_font_color_hover=&#8221;#ffffff&#8221;][\/vc_column_inner][\/vc_row_inner][\/vc_column][\/vc_row][vc_row full_width=&#8221;stretch_row&#8221; background_color=&#8221;custom&#8221; lg_spacing=&#8221;padding_top:80;padding_bottom:25&#8243;][vc_column width=&#8221;1\/3&#8243;][tm_box_icon icon_type=&#8221;flat&#8221; icon_flat=&#8221;flaticon-001-worker-1&#8243; animation=&#8221;none&#8221; heading=&#8221;La qualit\u00e9 avant tout&#8221; text_width=&#8221;350px&#8221; button=&#8221;|||&#8221;][\/vc_column][vc_column width=&#8221;1\/3&#8243;][tm_box_icon icon_type=&#8221;flat&#8221; icon_flat=&#8221;flaticon-020-planning&#8221; animation=&#8221;none&#8221; heading=&#8221;Solutions adapt\u00e9es&#8221; text_width=&#8221;350px&#8221; button=&#8221;|||&#8221;][\/vc_column][vc_column width=&#8221;1\/3&#8243;][tm_box_icon icon_type=&#8221;flat&#8221; icon_flat=&#8221;flaticon-029-manufacturing&#8221; animation=&#8221;none&#8221; heading=&#8221;Service personnalis\u00e9&#8221; text_width=&#8221;350px&#8221; button=&#8221;|||&#8221;][\/vc_column][\/vc_row][vc_row lg_spacing=&#8221;padding_top:20;padding_bottom:5&#8243;][vc_column width=&#8221;5\/12&#8243;][tm_heading custom_google_font=&#8221;&#8221; animation=&#8221;none&#8221; text=&#8221;\u00c9liminer la comp\u00e9tition&#8221; font_size=&#8221;lg:40&#8243; line_height=&#8221;54px&#8221; max_width=&#8221;400px&#8221;][tm_spacer size=&#8221;lg:50&#8243;][\/vc_column][vc_column width=&#8221;7\/12&#8243;][tm_heading style=&#8221;modern-with-separator-02&#8243; custom_google_font=&#8221;&#8221; animation=&#8221;none&#8221; text=&#8221;Chez MMD, nous croyons en une innovation perp\u00e9tuelle.&#8221; font_size=&#8221;lg:20&#8243;][tm_spacer size=&#8221;lg:20&#8243;][tm_heading tag=&#8221;div&#8221; custom_google_font=&#8221;&#8221; animation=&#8221;none&#8221;][tm_spacer size=&#8221;lg:30&#8243;][\/vc_column][\/vc_row][vc_row full_width=&#8221;stretch_row_content_no_spaces&#8221; content_placement=&#8221;middle&#8221; background_color=&#8221;secondary&#8221;][vc_column background_image=&#8221;3262&#8243; lg_spacing=&#8221;padding_top:110;padding_bottom:110&#8243; background_position=&#8221;center&#8221; offset=&#8221;vc_col-lg-6 vc_col-xs-12&#8243; md_spacing=&#8221;padding_top:200;padding_bottom:200&#8243;][\/vc_column][vc_column lg_spacing=&#8221;padding_top:100;padding_right:60;padding_bottom:50;padding_left:60&#8243; md_spacing=&#8221;padding_right:30;padding_left:30&#8243; offset=&#8221;vc_col-lg-6 vc_col-xs-12&#8243;][vc_row_inner][vc_column_inner width=&#8221;1\/2&#8243; lg_spacing=&#8221;margin_bottom:60;padding_top:0&#8243;][tm_image image=&#8221;3253&#8243; lg_spacing=&#8221;margin_bottom:40&#8243;][tm_counter align=&#8221;left&#8221; text_color=&#8221;custom&#8221; icon_type=&#8221;flat&#8221; icon_flat=&#8221;&#8221; text=&#8221;Clients satisfaits&#8221; sub_text=&#8221;MMD est fier d\u2019avoir servi plus de 300 clients.&#8221; custom_text_color=&#8221;#ffffff&#8221; number=&#8221;300&#8243;][\/vc_column_inner][vc_column_inner width=&#8221;1\/2&#8243; lg_spacing=&#8221;margin_bottom:60;padding_top:0&#8243;][tm_image image=&#8221;3255&#8243; lg_spacing=&#8221;margin_bottom:40&#8243;][tm_counter align=&#8221;left&#8221; text_color=&#8221;custom&#8221; number=&#8221;50&#8243; text=&#8221;Ann\u00e9es d&#8217;exp\u00e9rience&#8221; sub_text=&#8221;Nous avons plus de 50 ans d\u2019ann\u00e9es d\u2019exp\u00e9rience combin\u00e9es.&#8221; custom_text_color=&#8221;#ffffff&#8221;][\/vc_column_inner][\/vc_row_inner][\/vc_column][\/vc_row][vc_row full_width=&#8221;stretch_row_content_no_spaces&#8221; content_placement=&#8221;middle&#8221;][vc_column width=&#8221;1\/2&#8243; background_color=&#8221;primary&#8221; background_size=&#8221;auto&#8221; lg_spacing=&#8221;padding_top:35;padding_bottom:35&#8243; background_image=&#8221;1310&#8243; background_position=&#8221;110px center&#8221;][tm_heading tag=&#8221;div&#8221; custom_google_font=&#8221;&#8221; font_weight=&#8221;700&#8243; align=&#8221;center&#8221; text_color=&#8221;custom&#8221; custom_text_color=&#8221;#ffffff&#8221; text=&#8221;Courriel: info@mmd-qc.ca&#8221; font_size=&#8221;lg:22&#8243;][\/vc_column][vc_column width=&#8221;1\/2&#8243; background_color=&#8221;custom&#8221; background_size=&#8221;auto&#8221; background_image=&#8221;1311&#8243; background_position=&#8221;110px center&#8221; lg_spacing=&#8221;padding_top:35;padding_bottom:35&#8243; custom_background_color=&#8221;#013d7d&#8221;][tm_heading tag=&#8221;div&#8221; custom_google_font=&#8221;&#8221; font_weight=&#8221;700&#8243; align=&#8221;center&#8221; text_color=&#8221;custom&#8221; custom_text_color=&#8221;#ffffff&#8221; text=&#8221;T\u00e9l\u00e9phone: (514) 336-9998&#8243; font_size=&#8221;lg:22&#8243;][\/vc_column][\/vc_row]<\/p>\n","protected":false},"author":1,"featured_media":0,"parent":0,"menu_order":0,"comment_status":"closed","ping_status":"closed","template":"","meta":{"content-type":"","footnotes":""},"class_list":["post-3607","page","type-page","status-publish","hentry"],"_links":{"self":[{"href":"https:\/\/mmd-qc.ca\/fr\/wp-json\/wp\/v2\/pages\/3607","targetHints":{"allow":["GET"]}}],"collection":[{"href":"https:\/\/mmd-qc.ca\/fr\/wp-json\/wp\/v2\/pages"}],"about":[{"href":"https:\/\/mmd-qc.ca\/fr\/wp-json\/wp\/v2\/types\/page"}],"author":[{"embeddable":true,"href":"https:\/\/mmd-qc.ca\/fr\/wp-json\/wp\/v2\/users\/1"}],"replies":[{"embeddable":true,"href":"https:\/\/mmd-qc.ca\/fr\/wp-json\/wp\/v2\/comments?post=3607"}],"version-history":[{"count":7,"href":"https:\/\/mmd-qc.ca\/fr\/wp-json\/wp\/v2\/pages\/3607\/revisions"}],"predecessor-version":[{"id":4443,"href":"https:\/\/mmd-qc.ca\/fr\/wp-json\/wp\/v2\/pages\/3607\/revisions\/4443"}],"wp:attachment":[{"href":"https:\/\/mmd-qc.ca\/fr\/wp-json\/wp\/v2\/media?parent=3607"}],"curies":[{"name":"wp","href":"https:\/\/api.w.org\/{rel}","templated":true}]}}